{"id":10,"date":"2018-10-15T12:05:06","date_gmt":"2018-10-15T12:05:06","guid":{"rendered":"https:\/\/www.kis-consulting.ch\/?page_id=10"},"modified":"2018-10-19T09:12:56","modified_gmt":"2018-10-19T09:12:56","slug":"ueber-mich","status":"publish","type":"page","link":"https:\/\/www.kis-consulting.ch\/index.php\/ueber-mich\/","title":{"rendered":"\u00dcber mich"},"content":{"rendered":"<h2><img loading=\"lazy\" decoding=\"async\" class=\"alignnone size-full wp-image-104\" src=\"https:\/\/www.kis-consulting.ch\/wp-content\/uploads\/2018\/10\/atwork-1.jpg\" alt=\"\" width=\"425\" height=\"560\" srcset=\"https:\/\/www.kis-consulting.ch\/wp-content\/uploads\/2018\/10\/atwork-1.jpg 425w, https:\/\/www.kis-consulting.ch\/wp-content\/uploads\/2018\/10\/atwork-1-228x300.jpg 228w\" sizes=\"auto, (max-width: 425px) 100vw, 425px\" \/><\/h2>\n<h2>Impressum<\/h2>\n<p>KIS Consulting Studer GmbH<br \/>\nCH-020.4.041.288-8<br \/>\nInhaber:<br \/>\nReto Studer<br \/>\nGeeringstr. 48H<br \/>\n8049 Z\u00fcrich<\/p>\n<h3>Rechtliche Hinweise<\/h3>\n<h4>Haftung<\/h4>\n<p>Obwohl KIS Consulting mit aller Sorgfalt auf die Richtigkeit der ver\u00f6ffentlichten Informationen achtet, kann hinsichtlich der inhaltlichen Richtigkeit, Genauigkeit, Aktualit\u00e4t, Zuverl\u00e4ssigkeit und Vollst\u00e4ndigkeit dieser Informationen keine Gew\u00e4hrleistung \u00fcbernommen werden. KIS Consulting beh\u00e4lt sich ausdr\u00fccklich vor, jederzeit Inhalte ohne Ank\u00fcndigung ganz oder teilweise zu \u00e4ndern, zu l\u00f6schen oder zeitweise nicht zu ver\u00f6ffentlichen. Haftungsanspr\u00fcche gegen KIS Consulting wegen Sch\u00e4den materieller oder immaterieller Art, welche aus dem Zugriff oder der Nutzung bzw. Nichtnutzung der ver\u00f6ffentlichten Informationen, durch Missbrauch der Verbindung oder durch technische St\u00f6rungen entstanden sind, werden ausgeschlossen.<\/p>\n<h4>Verweise und Links<\/h4>\n<p>Verweise und Verkn\u00fcpfungen auf Webseiten Dritter liegen ausserhalb des Verantwortungsbereichs von KIS Consulting. Der Zugriff und die Nutzung solcher Webseiten erfolgen auf eigene Gefahr des Nutzers oder der Nutzerin. KIS Consulting erkl\u00e4rt ausdr\u00fccklich, dass es keinerlei Einfluss auf die Gestaltung, den Inhalt und die Angebote der verkn\u00fcpften Seiten hat. Informationen und Dienstleistungen von verkn\u00fcpften Webseiten liegen vollumf\u00e4nglich in der Verantwortung des jeweiligen Dritten. Es wird jegliche Verantwortung f\u00fcr solche Webseiten abgelehnt.<\/p>\n<h4>Datenschutz<\/h4>\n<p>Pers\u00f6nliche Daten werden streng vertraulich behandelt und weder an Dritte verkauft noch weiter gegeben. Beim Zugriff auf diese Website werden keine pers\u00f6nlichen Daten gespeichert. Der Webserver registriert lediglich unpers\u00f6nliche Nutzungsdaten, worin Trends erkennbar sind, um das Angebot entsprechend zu verbessern (Logfiles).<\/p>\n<h4>Copyright<\/h4>\n<p>Die auf der Website von www.kis-consulting.ch enthaltenen Informationen werden der \u00d6ffentlichkeit zug\u00e4nglich gemacht. Durch das Herunterladen oder Kopieren von Inhalten, Bildern, Fotos oder anderen Dateien werden keinerlei Rechte bez\u00fcglich der Inhalte \u00fcbertragen. Die Urheber- und alle anderen Rechte an Inhalten, Bildern, Fotos oder anderen Dateien auf der Website von www.kis-consulting.ch geh\u00f6ren ausschliesslich den jeweiligen Rechtsinhabern.<\/p>\n","protected":false},"excerpt":{"rendered":"<p>Impressum KIS Consulting Studer GmbH CH-020.4.041.288-8 Inhaber: Reto Studer Geeringstr. 48H 8049 Z\u00fcrich Rechtliche Hinweise Haftung Obwohl KIS Consulting mit aller Sorgfalt auf die Richtigkeit der ver\u00f6ffentlichten Informationen achtet, kann hinsichtlich der inhaltlichen Richtigkeit, Genauigkeit, Aktualit\u00e4t, Zuverl\u00e4ssigkeit und Vollst\u00e4ndigkeit dieser Informationen keine Gew\u00e4hrleistung \u00fcbernommen werden. KIS Consulting beh\u00e4lt sich ausdr\u00fccklich vor, jederzeit Inhalte ohne Ank\u00fcndigung &hellip; <\/p>\n<p class=\"link-more\"><a href=\"https:\/\/www.kis-consulting.ch\/index.php\/ueber-mich\/\" class=\"more-link\"><span class=\"screen-reader-text\">\u201e\u00dcber mich\u201c<\/span> weiterlesen<\/a><\/p>\n","protected":false},"author":1,"featured_media":85,"parent":0,"menu_order":0,"comment_status":"closed","ping_status":"closed","template":"","meta":{"footnotes":""},"class_list":["post-10","page","type-page","status-publish","has-post-thumbnail","hentry"],"yoast_head":"<!-- This site is optimized with the Yoast SEO plugin v18.2 - https:\/\/yoast.com\/wordpress\/plugins\/seo\/ -->\n<title>\u00dcber mich &bull; Software-Beratung und Schulung<\/title>\n<meta name=\"robots\" content=\"index, follow, max-snippet:-1, max-image-preview:large, max-video-preview:-1\" \/>\n<link rel=\"canonical\" href=\"https:\/\/www.kis-consulting.ch\/index.php\/ueber-mich\/\" \/>\n<meta property=\"og:locale\" content=\"de_DE\" \/>\n<meta property=\"og:type\" content=\"article\" \/>\n<meta property=\"og:title\" content=\"\u00dcber mich &bull; Software-Beratung und Schulung\" \/>\n<meta property=\"og:description\" content=\"Impressum KIS Consulting Studer GmbH CH-020.4.041.288-8 Inhaber: Reto Studer Geeringstr. 48H 8049 Z\u00fcrich Rechtliche Hinweise Haftung Obwohl KIS Consulting mit aller Sorgfalt auf die Richtigkeit der ver\u00f6ffentlichten Informationen achtet, kann hinsichtlich der inhaltlichen Richtigkeit, Genauigkeit, Aktualit\u00e4t, Zuverl\u00e4ssigkeit und Vollst\u00e4ndigkeit dieser Informationen keine Gew\u00e4hrleistung \u00fcbernommen werden. KIS Consulting beh\u00e4lt sich ausdr\u00fccklich vor, jederzeit Inhalte ohne Ank\u00fcndigung &hellip; \u201e\u00dcber mich\u201c weiterlesen\" \/>\n<meta property=\"og:url\" content=\"https:\/\/www.kis-consulting.ch\/index.php\/ueber-mich\/\" \/>\n<meta property=\"og:site_name\" content=\"Software-Beratung und Schulung\" \/>\n<meta property=\"article:modified_time\" content=\"2018-10-19T09:12:56+00:00\" \/>\n<meta property=\"og:image\" content=\"https:\/\/www.kis-consulting.ch\/wp-content\/uploads\/2018\/10\/Bild-Gruppenunterricht-1024x678.jpeg\" \/>\n\t<meta property=\"og:image:width\" content=\"1024\" \/>\n\t<meta property=\"og:image:height\" content=\"678\" \/>\n\t<meta property=\"og:image:type\" content=\"image\/jpeg\" \/>\n<meta name=\"twitter:card\" content=\"summary_large_image\" \/>\n<meta name=\"twitter:label1\" content=\"Gesch\u00e4tzte Lesezeit\" \/>\n\t<meta name=\"twitter:data1\" content=\"2\u00a0Minuten\" \/>\n<script type=\"application\/ld+json\" class=\"yoast-schema-graph\">{\"@context\":\"https:\/\/schema.org\",\"@graph\":[{\"@type\":\"WebSite\",\"@id\":\"https:\/\/www.kis-consulting.ch\/#website\",\"url\":\"https:\/\/www.kis-consulting.ch\/\",\"name\":\"Software-Beratung und Schulung\",\"description\":\"f\u00fcr Firmen, Vereine und Privatpersonen\",\"potentialAction\":[{\"@type\":\"SearchAction\",\"target\":{\"@type\":\"EntryPoint\",\"urlTemplate\":\"https:\/\/www.kis-consulting.ch\/?s={search_term_string}\"},\"query-input\":\"required name=search_term_string\"}],\"inLanguage\":\"de\"},{\"@type\":\"ImageObject\",\"@id\":\"https:\/\/www.kis-consulting.ch\/index.php\/ueber-mich\/#primaryimage\",\"inLanguage\":\"de\",\"url\":\"https:\/\/www.kis-consulting.ch\/wp-content\/uploads\/2018\/10\/Bild-Gruppenunterricht.jpeg\",\"contentUrl\":\"https:\/\/www.kis-consulting.ch\/wp-content\/uploads\/2018\/10\/Bild-Gruppenunterricht.jpeg\",\"width\":5707,\"height\":3781,\"caption\":\"Computerkurs\"},{\"@type\":\"WebPage\",\"@id\":\"https:\/\/www.kis-consulting.ch\/index.php\/ueber-mich\/#webpage\",\"url\":\"https:\/\/www.kis-consulting.ch\/index.php\/ueber-mich\/\",\"name\":\"\u00dcber mich &bull; Software-Beratung und Schulung\",\"isPartOf\":{\"@id\":\"https:\/\/www.kis-consulting.ch\/#website\"},\"primaryImageOfPage\":{\"@id\":\"https:\/\/www.kis-consulting.ch\/index.php\/ueber-mich\/#primaryimage\"},\"datePublished\":\"2018-10-15T12:05:06+00:00\",\"dateModified\":\"2018-10-19T09:12:56+00:00\",\"breadcrumb\":{\"@id\":\"https:\/\/www.kis-consulting.ch\/index.php\/ueber-mich\/#breadcrumb\"},\"inLanguage\":\"de\",\"potentialAction\":[{\"@type\":\"ReadAction\",\"target\":[\"https:\/\/www.kis-consulting.ch\/index.php\/ueber-mich\/\"]}]},{\"@type\":\"BreadcrumbList\",\"@id\":\"https:\/\/www.kis-consulting.ch\/index.php\/ueber-mich\/#breadcrumb\",\"itemListElement\":[{\"@type\":\"ListItem\",\"position\":1,\"name\":\"Home\",\"item\":\"https:\/\/www.kis-consulting.ch\/\"},{\"@type\":\"ListItem\",\"position\":2,\"name\":\"\u00dcber mich\"}]}]}<\/script>\n<!-- \/ Yoast SEO plugin. -->","yoast_head_json":{"title":"\u00dcber mich &bull; Software-Beratung und Schulung","robots":{"index":"index","follow":"follow","max-snippet":"max-snippet:-1","max-image-preview":"max-image-preview:large","max-video-preview":"max-video-preview:-1"},"canonical":"https:\/\/www.kis-consulting.ch\/index.php\/ueber-mich\/","og_locale":"de_DE","og_type":"article","og_title":"\u00dcber mich &bull; Software-Beratung und Schulung","og_description":"Impressum KIS Consulting Studer GmbH CH-020.4.041.288-8 Inhaber: Reto Studer Geeringstr. 48H 8049 Z\u00fcrich Rechtliche Hinweise Haftung Obwohl KIS Consulting mit aller Sorgfalt auf die Richtigkeit der ver\u00f6ffentlichten Informationen achtet, kann hinsichtlich der inhaltlichen Richtigkeit, Genauigkeit, Aktualit\u00e4t, Zuverl\u00e4ssigkeit und Vollst\u00e4ndigkeit dieser Informationen keine Gew\u00e4hrleistung \u00fcbernommen werden. KIS Consulting beh\u00e4lt sich ausdr\u00fccklich vor, jederzeit Inhalte ohne Ank\u00fcndigung &hellip; \u201e\u00dcber mich\u201c weiterlesen","og_url":"https:\/\/www.kis-consulting.ch\/index.php\/ueber-mich\/","og_site_name":"Software-Beratung und Schulung","article_modified_time":"2018-10-19T09:12:56+00:00","og_image":[{"width":1024,"height":678,"url":"https:\/\/www.kis-consulting.ch\/wp-content\/uploads\/2018\/10\/Bild-Gruppenunterricht-1024x678.jpeg","type":"image\/jpeg"}],"twitter_card":"summary_large_image","twitter_misc":{"Gesch\u00e4tzte Lesezeit":"2\u00a0Minuten"},"schema":{"@context":"https:\/\/schema.org","@graph":[{"@type":"WebSite","@id":"https:\/\/www.kis-consulting.ch\/#website","url":"https:\/\/www.kis-consulting.ch\/","name":"Software-Beratung und Schulung","description":"f\u00fcr Firmen, Vereine und Privatpersonen","potentialAction":[{"@type":"SearchAction","target":{"@type":"EntryPoint","urlTemplate":"https:\/\/www.kis-consulting.ch\/?s={search_term_string}"},"query-input":"required name=search_term_string"}],"inLanguage":"de"},{"@type":"ImageObject","@id":"https:\/\/www.kis-consulting.ch\/index.php\/ueber-mich\/#primaryimage","inLanguage":"de","url":"https:\/\/www.kis-consulting.ch\/wp-content\/uploads\/2018\/10\/Bild-Gruppenunterricht.jpeg","contentUrl":"https:\/\/www.kis-consulting.ch\/wp-content\/uploads\/2018\/10\/Bild-Gruppenunterricht.jpeg","width":5707,"height":3781,"caption":"Computerkurs"},{"@type":"WebPage","@id":"https:\/\/www.kis-consulting.ch\/index.php\/ueber-mich\/#webpage","url":"https:\/\/www.kis-consulting.ch\/index.php\/ueber-mich\/","name":"\u00dcber mich &bull; Software-Beratung und Schulung","isPartOf":{"@id":"https:\/\/www.kis-consulting.ch\/#website"},"primaryImageOfPage":{"@id":"https:\/\/www.kis-consulting.ch\/index.php\/ueber-mich\/#primaryimage"},"datePublished":"2018-10-15T12:05:06+00:00","dateModified":"2018-10-19T09:12:56+00:00","breadcrumb":{"@id":"https:\/\/www.kis-consulting.ch\/index.php\/ueber-mich\/#breadcrumb"},"inLanguage":"de","potentialAction":[{"@type":"ReadAction","target":["https:\/\/www.kis-consulting.ch\/index.php\/ueber-mich\/"]}]},{"@type":"BreadcrumbList","@id":"https:\/\/www.kis-consulting.ch\/index.php\/ueber-mich\/#breadcrumb","itemListElement":[{"@type":"ListItem","position":1,"name":"Home","item":"https:\/\/www.kis-consulting.ch\/"},{"@type":"ListItem","position":2,"name":"\u00dcber mich"}]}]}},"_links":{"self":[{"href":"https:\/\/www.kis-consulting.ch\/index.php\/wp-json\/wp\/v2\/pages\/10","targetHints":{"allow":["GET"]}}],"collection":[{"href":"https:\/\/www.kis-consulting.ch\/index.php\/wp-json\/wp\/v2\/pages"}],"about":[{"href":"https:\/\/www.kis-consulting.ch\/index.php\/wp-json\/wp\/v2\/types\/page"}],"author":[{"embeddable":true,"href":"https:\/\/www.kis-consulting.ch\/index.php\/wp-json\/wp\/v2\/users\/1"}],"replies":[{"embeddable":true,"href":"https:\/\/www.kis-consulting.ch\/index.php\/wp-json\/wp\/v2\/comments?post=10"}],"version-history":[{"count":6,"href":"https:\/\/www.kis-consulting.ch\/index.php\/wp-json\/wp\/v2\/pages\/10\/revisions"}],"predecessor-version":[{"id":105,"href":"https:\/\/www.kis-consulting.ch\/index.php\/wp-json\/wp\/v2\/pages\/10\/revisions\/105"}],"wp:featuredmedia":[{"embeddable":true,"href":"https:\/\/www.kis-consulting.ch\/index.php\/wp-json\/wp\/v2\/media\/85"}],"wp:attachment":[{"href":"https:\/\/www.kis-consulting.ch\/index.php\/wp-json\/wp\/v2\/media?parent=10"}],"curies":[{"name":"wp","href":"https:\/\/api.w.org\/{rel}","templated":true}]}}