{"id":124,"date":"2022-02-18T13:25:30","date_gmt":"2022-02-18T13:25:30","guid":{"rendered":"https:\/\/www.kis-consulting.ch\/?page_id=124"},"modified":"2022-02-18T13:25:31","modified_gmt":"2022-02-18T13:25:31","slug":"projekte","status":"publish","type":"page","link":"https:\/\/www.kis-consulting.ch\/index.php\/projekte\/","title":{"rendered":"Projekte"},"content":{"rendered":"\n<h1 class=\"wp-block-heading\" id=\"excel-kurse\"><strong>EXCEL Kurse<\/strong><\/h1>\n\n\n\n<figure class=\"wp-block-image size-full\"><a href=\"https:\/\/excelkurs.ch\/\"><img loading=\"lazy\" decoding=\"async\" width=\"301\" height=\"167\" src=\"https:\/\/www.kis-consulting.ch\/wp-content\/uploads\/2022\/02\/excel-logo.png\" alt=\"\" class=\"wp-image-126\"\/><\/a><\/figure>\n\n\n\n<p>Lernen Sie mit Excel zu arbeiten in perfekt auf Sie zugeschnittenen Lerneinheiten. Der Unterricht ist immer individuell. Sie bestimmen wann, wo und wie viele Lektionen Sie mit der Schulung machen m\u00f6chten. In einem kurzen telefonischen Beratungsgespr\u00e4ch werde ich feststellen k\u00f6nnen, was f\u00fcr Sie sinnvoll ist. Rufen Sie mich einfach an: <strong>079 352 97 11<\/strong><\/p>\n\n\n\n<figure class=\"wp-block-image size-full\"><a href=\"https:\/\/excelkurs.ch\/\"><img loading=\"lazy\" decoding=\"async\" width=\"1000\" height=\"603\" src=\"https:\/\/www.kis-consulting.ch\/wp-content\/uploads\/2022\/02\/excelfirma.jpg\" alt=\"\" class=\"wp-image-125\" srcset=\"https:\/\/www.kis-consulting.ch\/wp-content\/uploads\/2022\/02\/excelfirma.jpg 1000w, https:\/\/www.kis-consulting.ch\/wp-content\/uploads\/2022\/02\/excelfirma-300x181.jpg 300w, https:\/\/www.kis-consulting.ch\/wp-content\/uploads\/2022\/02\/excelfirma-768x463.jpg 768w\" sizes=\"auto, (max-width: 767px) 89vw, (max-width: 1000px) 54vw, (max-width: 1071px) 543px, 580px\" \/><\/a><figcaption>komplexe Excel Tabellen erstellen<\/figcaption><\/figure>\n\n\n\n<hr class=\"wp-block-separator\"\/>\n\n\n\n<h1 class=\"wp-block-heading\" id=\"growing-sources\"><strong>Growing Sources<\/strong><\/h1>\n\n\n\n<p>Pers\u00f6nliches Wachstum f\u00fcr Geist und Seele &#8211; Die Seite f\u00fcr pers\u00f6nliche Entwicklung<\/p>\n","protected":false},"excerpt":{"rendered":"<p>EXCEL Kurse Lernen Sie mit Excel zu arbeiten in perfekt auf Sie zugeschnittenen Lerneinheiten. Der Unterricht ist immer individuell. Sie bestimmen wann, wo und wie viele Lektionen Sie mit der Schulung machen m\u00f6chten. In einem kurzen telefonischen Beratungsgespr\u00e4ch werde ich feststellen k\u00f6nnen, was f\u00fcr Sie sinnvoll ist. Rufen Sie mich einfach an: 079 352 97 &hellip; <\/p>\n<p class=\"link-more\"><a href=\"https:\/\/www.kis-consulting.ch\/index.php\/projekte\/\" class=\"more-link\"><span class=\"screen-reader-text\">\u201eProjekte\u201c<\/span> weiterlesen<\/a><\/p>\n","protected":false},"author":1,"featured_media":0,"parent":0,"menu_order":0,"comment_status":"closed","ping_status":"closed","template":"","meta":{"footnotes":""},"class_list":["post-124","page","type-page","status-publish","hentry"],"yoast_head":"<!-- This site is optimized with the Yoast SEO plugin v18.2 - https:\/\/yoast.com\/wordpress\/plugins\/seo\/ -->\n<title>Projekte &bull; Software-Beratung und Schulung<\/title>\n<meta name=\"robots\" content=\"index, follow, max-snippet:-1, max-image-preview:large, max-video-preview:-1\" \/>\n<link rel=\"canonical\" href=\"https:\/\/www.kis-consulting.ch\/index.php\/projekte\/\" \/>\n<meta property=\"og:locale\" content=\"de_DE\" \/>\n<meta property=\"og:type\" content=\"article\" \/>\n<meta property=\"og:title\" content=\"Projekte &bull; Software-Beratung und Schulung\" \/>\n<meta property=\"og:description\" content=\"EXCEL Kurse Lernen Sie mit Excel zu arbeiten in perfekt auf Sie zugeschnittenen Lerneinheiten. Der Unterricht ist immer individuell. Sie bestimmen wann, wo und wie viele Lektionen Sie mit der Schulung machen m\u00f6chten. In einem kurzen telefonischen Beratungsgespr\u00e4ch werde ich feststellen k\u00f6nnen, was f\u00fcr Sie sinnvoll ist. Rufen Sie mich einfach an: 079 352 97 &hellip; \u201eProjekte\u201c weiterlesen\" \/>\n<meta property=\"og:url\" content=\"https:\/\/www.kis-consulting.ch\/index.php\/projekte\/\" \/>\n<meta property=\"og:site_name\" content=\"Software-Beratung und Schulung\" \/>\n<meta property=\"article:modified_time\" content=\"2022-02-18T13:25:31+00:00\" \/>\n<meta property=\"og:image\" content=\"https:\/\/www.kis-consulting.ch\/wp-content\/uploads\/2022\/02\/excel-logo.png\" \/>\n<meta name=\"twitter:card\" content=\"summary_large_image\" \/>\n<meta name=\"twitter:label1\" content=\"Gesch\u00e4tzte Lesezeit\" \/>\n\t<meta name=\"twitter:data1\" content=\"1\u00a0Minute\" \/>\n<script type=\"application\/ld+json\" class=\"yoast-schema-graph\">{\"@context\":\"https:\/\/schema.org\",\"@graph\":[{\"@type\":\"WebSite\",\"@id\":\"https:\/\/www.kis-consulting.ch\/#website\",\"url\":\"https:\/\/www.kis-consulting.ch\/\",\"name\":\"Software-Beratung und Schulung\",\"description\":\"f\u00fcr Firmen, Vereine und Privatpersonen\",\"potentialAction\":[{\"@type\":\"SearchAction\",\"target\":{\"@type\":\"EntryPoint\",\"urlTemplate\":\"https:\/\/www.kis-consulting.ch\/?s={search_term_string}\"},\"query-input\":\"required name=search_term_string\"}],\"inLanguage\":\"de\"},{\"@type\":\"ImageObject\",\"@id\":\"https:\/\/www.kis-consulting.ch\/index.php\/projekte\/#primaryimage\",\"inLanguage\":\"de\",\"url\":\"https:\/\/www.kis-consulting.ch\/wp-content\/uploads\/2022\/02\/excel-logo.png\",\"contentUrl\":\"https:\/\/www.kis-consulting.ch\/wp-content\/uploads\/2022\/02\/excel-logo.png\",\"width\":301,\"height\":167},{\"@type\":\"WebPage\",\"@id\":\"https:\/\/www.kis-consulting.ch\/index.php\/projekte\/#webpage\",\"url\":\"https:\/\/www.kis-consulting.ch\/index.php\/projekte\/\",\"name\":\"Projekte &bull; Software-Beratung und Schulung\",\"isPartOf\":{\"@id\":\"https:\/\/www.kis-consulting.ch\/#website\"},\"primaryImageOfPage\":{\"@id\":\"https:\/\/www.kis-consulting.ch\/index.php\/projekte\/#primaryimage\"},\"datePublished\":\"2022-02-18T13:25:30+00:00\",\"dateModified\":\"2022-02-18T13:25:31+00:00\",\"breadcrumb\":{\"@id\":\"https:\/\/www.kis-consulting.ch\/index.php\/projekte\/#breadcrumb\"},\"inLanguage\":\"de\",\"potentialAction\":[{\"@type\":\"ReadAction\",\"target\":[\"https:\/\/www.kis-consulting.ch\/index.php\/projekte\/\"]}]},{\"@type\":\"BreadcrumbList\",\"@id\":\"https:\/\/www.kis-consulting.ch\/index.php\/projekte\/#breadcrumb\",\"itemListElement\":[{\"@type\":\"ListItem\",\"position\":1,\"name\":\"Home\",\"item\":\"https:\/\/www.kis-consulting.ch\/\"},{\"@type\":\"ListItem\",\"position\":2,\"name\":\"Projekte\"}]}]}<\/script>\n<!-- \/ Yoast SEO plugin. -->","yoast_head_json":{"title":"Projekte &bull; Software-Beratung und Schulung","robots":{"index":"index","follow":"follow","max-snippet":"max-snippet:-1","max-image-preview":"max-image-preview:large","max-video-preview":"max-video-preview:-1"},"canonical":"https:\/\/www.kis-consulting.ch\/index.php\/projekte\/","og_locale":"de_DE","og_type":"article","og_title":"Projekte &bull; Software-Beratung und Schulung","og_description":"EXCEL Kurse Lernen Sie mit Excel zu arbeiten in perfekt auf Sie zugeschnittenen Lerneinheiten. Der Unterricht ist immer individuell. Sie bestimmen wann, wo und wie viele Lektionen Sie mit der Schulung machen m\u00f6chten. In einem kurzen telefonischen Beratungsgespr\u00e4ch werde ich feststellen k\u00f6nnen, was f\u00fcr Sie sinnvoll ist. Rufen Sie mich einfach an: 079 352 97 &hellip; \u201eProjekte\u201c weiterlesen","og_url":"https:\/\/www.kis-consulting.ch\/index.php\/projekte\/","og_site_name":"Software-Beratung und Schulung","article_modified_time":"2022-02-18T13:25:31+00:00","og_image":[{"url":"https:\/\/www.kis-consulting.ch\/wp-content\/uploads\/2022\/02\/excel-logo.png"}],"twitter_card":"summary_large_image","twitter_misc":{"Gesch\u00e4tzte Lesezeit":"1\u00a0Minute"},"schema":{"@context":"https:\/\/schema.org","@graph":[{"@type":"WebSite","@id":"https:\/\/www.kis-consulting.ch\/#website","url":"https:\/\/www.kis-consulting.ch\/","name":"Software-Beratung und Schulung","description":"f\u00fcr Firmen, Vereine und Privatpersonen","potentialAction":[{"@type":"SearchAction","target":{"@type":"EntryPoint","urlTemplate":"https:\/\/www.kis-consulting.ch\/?s={search_term_string}"},"query-input":"required name=search_term_string"}],"inLanguage":"de"},{"@type":"ImageObject","@id":"https:\/\/www.kis-consulting.ch\/index.php\/projekte\/#primaryimage","inLanguage":"de","url":"https:\/\/www.kis-consulting.ch\/wp-content\/uploads\/2022\/02\/excel-logo.png","contentUrl":"https:\/\/www.kis-consulting.ch\/wp-content\/uploads\/2022\/02\/excel-logo.png","width":301,"height":167},{"@type":"WebPage","@id":"https:\/\/www.kis-consulting.ch\/index.php\/projekte\/#webpage","url":"https:\/\/www.kis-consulting.ch\/index.php\/projekte\/","name":"Projekte &bull; Software-Beratung und Schulung","isPartOf":{"@id":"https:\/\/www.kis-consulting.ch\/#website"},"primaryImageOfPage":{"@id":"https:\/\/www.kis-consulting.ch\/index.php\/projekte\/#primaryimage"},"datePublished":"2022-02-18T13:25:30+00:00","dateModified":"2022-02-18T13:25:31+00:00","breadcrumb":{"@id":"https:\/\/www.kis-consulting.ch\/index.php\/projekte\/#breadcrumb"},"inLanguage":"de","potentialAction":[{"@type":"ReadAction","target":["https:\/\/www.kis-consulting.ch\/index.php\/projekte\/"]}]},{"@type":"BreadcrumbList","@id":"https:\/\/www.kis-consulting.ch\/index.php\/projekte\/#breadcrumb","itemListElement":[{"@type":"ListItem","position":1,"name":"Home","item":"https:\/\/www.kis-consulting.ch\/"},{"@type":"ListItem","position":2,"name":"Projekte"}]}]}},"_links":{"self":[{"href":"https:\/\/www.kis-consulting.ch\/index.php\/wp-json\/wp\/v2\/pages\/124","targetHints":{"allow":["GET"]}}],"collection":[{"href":"https:\/\/www.kis-consulting.ch\/index.php\/wp-json\/wp\/v2\/pages"}],"about":[{"href":"https:\/\/www.kis-consulting.ch\/index.php\/wp-json\/wp\/v2\/types\/page"}],"author":[{"embeddable":true,"href":"https:\/\/www.kis-consulting.ch\/index.php\/wp-json\/wp\/v2\/users\/1"}],"replies":[{"embeddable":true,"href":"https:\/\/www.kis-consulting.ch\/index.php\/wp-json\/wp\/v2\/comments?post=124"}],"version-history":[{"count":1,"href":"https:\/\/www.kis-consulting.ch\/index.php\/wp-json\/wp\/v2\/pages\/124\/revisions"}],"predecessor-version":[{"id":127,"href":"https:\/\/www.kis-consulting.ch\/index.php\/wp-json\/wp\/v2\/pages\/124\/revisions\/127"}],"wp:attachment":[{"href":"https:\/\/www.kis-consulting.ch\/index.php\/wp-json\/wp\/v2\/media?parent=124"}],"curies":[{"name":"wp","href":"https:\/\/api.w.org\/{rel}","templated":true}]}}