{"id":9,"date":"2018-10-15T12:05:06","date_gmt":"2018-10-15T12:05:06","guid":{"rendered":"https:\/\/www.kis-consulting.ch\/?page_id=9"},"modified":"2018-10-18T13:51:22","modified_gmt":"2018-10-18T13:51:22","slug":"startseite","status":"publish","type":"page","link":"https:\/\/www.kis-consulting.ch\/index.php\/startseite\/","title":{"rendered":"Startseite"},"content":{"rendered":"<p>Herzlich Willkommen auf der Internetseite der Firma KIS Consulting Studer GmbH !<\/p>\n<p>Hier finden Sie Informationen zu unserer Gesch\u00e4ftst\u00e4tigkeit. Die Firma ist seit 2003 als Einzelunternehmung in der Softwarebranche t\u00e4tig. 2009 wurde sie in eine GmbH umgewandelt.<\/p>\n<p>Software-Schulung und Software-Beratung sind die Schwerpunkte im T\u00e4tigkeitsfeld der Firma KIS Consulting.<\/p>\n","protected":false},"excerpt":{"rendered":"<p>Herzlich Willkommen auf der Internetseite der Firma KIS Consulting Studer GmbH ! Hier finden Sie Informationen zu unserer Gesch\u00e4ftst\u00e4tigkeit. Die Firma ist seit 2003 als Einzelunternehmung in der Softwarebranche t\u00e4tig. 2009 wurde sie in eine GmbH umgewandelt. Software-Schulung und Software-Beratung sind die Schwerpunkte im T\u00e4tigkeitsfeld der Firma KIS Consulting.<\/p>\n","protected":false},"author":1,"featured_media":37,"parent":0,"menu_order":0,"comment_status":"closed","ping_status":"closed","template":"","meta":{"footnotes":""},"class_list":["post-9","page","type-page","status-publish","has-post-thumbnail","hentry"],"yoast_head":"<!-- This site is optimized with the Yoast SEO plugin v18.2 - https:\/\/yoast.com\/wordpress\/plugins\/seo\/ -->\n<title>Startseite &bull; Software-Beratung und Schulung<\/title>\n<meta name=\"robots\" content=\"index, follow, max-snippet:-1, max-image-preview:large, max-video-preview:-1\" \/>\n<link rel=\"canonical\" href=\"https:\/\/www.kis-consulting.ch\/index.php\/startseite\/\" \/>\n<meta property=\"og:locale\" content=\"de_DE\" \/>\n<meta property=\"og:type\" content=\"article\" \/>\n<meta property=\"og:title\" content=\"Startseite &bull; Software-Beratung und Schulung\" \/>\n<meta property=\"og:description\" content=\"Herzlich Willkommen auf der Internetseite der Firma KIS Consulting Studer GmbH ! Hier finden Sie Informationen zu unserer Gesch\u00e4ftst\u00e4tigkeit. Die Firma ist seit 2003 als Einzelunternehmung in der Softwarebranche t\u00e4tig. 2009 wurde sie in eine GmbH umgewandelt. Software-Schulung und Software-Beratung sind die Schwerpunkte im T\u00e4tigkeitsfeld der Firma KIS Consulting.\" \/>\n<meta property=\"og:url\" content=\"https:\/\/www.kis-consulting.ch\/index.php\/startseite\/\" \/>\n<meta property=\"og:site_name\" content=\"Software-Beratung und Schulung\" \/>\n<meta property=\"article:modified_time\" content=\"2018-10-18T13:51:22+00:00\" \/>\n<meta property=\"og:image\" content=\"https:\/\/www.kis-consulting.ch\/wp-content\/uploads\/2018\/10\/AdobeStock_48727455-1024x731.jpeg\" \/>\n\t<meta property=\"og:image:width\" content=\"1024\" \/>\n\t<meta property=\"og:image:height\" content=\"731\" \/>\n\t<meta property=\"og:image:type\" content=\"image\/jpeg\" \/>\n<meta name=\"twitter:card\" content=\"summary_large_image\" \/>\n<script type=\"application\/ld+json\" class=\"yoast-schema-graph\">{\"@context\":\"https:\/\/schema.org\",\"@graph\":[{\"@type\":\"WebSite\",\"@id\":\"https:\/\/www.kis-consulting.ch\/#website\",\"url\":\"https:\/\/www.kis-consulting.ch\/\",\"name\":\"Software-Beratung und Schulung\",\"description\":\"f\u00fcr Firmen, Vereine und Privatpersonen\",\"potentialAction\":[{\"@type\":\"SearchAction\",\"target\":{\"@type\":\"EntryPoint\",\"urlTemplate\":\"https:\/\/www.kis-consulting.ch\/?s={search_term_string}\"},\"query-input\":\"required name=search_term_string\"}],\"inLanguage\":\"de\"},{\"@type\":\"ImageObject\",\"@id\":\"https:\/\/www.kis-consulting.ch\/index.php\/startseite\/#primaryimage\",\"inLanguage\":\"de\",\"url\":\"https:\/\/www.kis-consulting.ch\/wp-content\/uploads\/2018\/10\/AdobeStock_48727455.jpeg\",\"contentUrl\":\"https:\/\/www.kis-consulting.ch\/wp-content\/uploads\/2018\/10\/AdobeStock_48727455.jpeg\",\"width\":5242,\"height\":3744},{\"@type\":\"WebPage\",\"@id\":\"https:\/\/www.kis-consulting.ch\/index.php\/startseite\/#webpage\",\"url\":\"https:\/\/www.kis-consulting.ch\/index.php\/startseite\/\",\"name\":\"Startseite &bull; Software-Beratung und Schulung\",\"isPartOf\":{\"@id\":\"https:\/\/www.kis-consulting.ch\/#website\"},\"primaryImageOfPage\":{\"@id\":\"https:\/\/www.kis-consulting.ch\/index.php\/startseite\/#primaryimage\"},\"datePublished\":\"2018-10-15T12:05:06+00:00\",\"dateModified\":\"2018-10-18T13:51:22+00:00\",\"breadcrumb\":{\"@id\":\"https:\/\/www.kis-consulting.ch\/index.php\/startseite\/#breadcrumb\"},\"inLanguage\":\"de\",\"potentialAction\":[{\"@type\":\"ReadAction\",\"target\":[\"https:\/\/www.kis-consulting.ch\/index.php\/startseite\/\"]}]},{\"@type\":\"BreadcrumbList\",\"@id\":\"https:\/\/www.kis-consulting.ch\/index.php\/startseite\/#breadcrumb\",\"itemListElement\":[{\"@type\":\"ListItem\",\"position\":1,\"name\":\"Home\",\"item\":\"https:\/\/www.kis-consulting.ch\/\"},{\"@type\":\"ListItem\",\"position\":2,\"name\":\"Startseite\"}]}]}<\/script>\n<!-- \/ Yoast SEO plugin. -->","yoast_head_json":{"title":"Startseite &bull; Software-Beratung und Schulung","robots":{"index":"index","follow":"follow","max-snippet":"max-snippet:-1","max-image-preview":"max-image-preview:large","max-video-preview":"max-video-preview:-1"},"canonical":"https:\/\/www.kis-consulting.ch\/index.php\/startseite\/","og_locale":"de_DE","og_type":"article","og_title":"Startseite &bull; Software-Beratung und Schulung","og_description":"Herzlich Willkommen auf der Internetseite der Firma KIS Consulting Studer GmbH ! Hier finden Sie Informationen zu unserer Gesch\u00e4ftst\u00e4tigkeit. Die Firma ist seit 2003 als Einzelunternehmung in der Softwarebranche t\u00e4tig. 2009 wurde sie in eine GmbH umgewandelt. Software-Schulung und Software-Beratung sind die Schwerpunkte im T\u00e4tigkeitsfeld der Firma KIS Consulting.","og_url":"https:\/\/www.kis-consulting.ch\/index.php\/startseite\/","og_site_name":"Software-Beratung und Schulung","article_modified_time":"2018-10-18T13:51:22+00:00","og_image":[{"width":1024,"height":731,"url":"https:\/\/www.kis-consulting.ch\/wp-content\/uploads\/2018\/10\/AdobeStock_48727455-1024x731.jpeg","type":"image\/jpeg"}],"twitter_card":"summary_large_image","schema":{"@context":"https:\/\/schema.org","@graph":[{"@type":"WebSite","@id":"https:\/\/www.kis-consulting.ch\/#website","url":"https:\/\/www.kis-consulting.ch\/","name":"Software-Beratung und Schulung","description":"f\u00fcr Firmen, Vereine und Privatpersonen","potentialAction":[{"@type":"SearchAction","target":{"@type":"EntryPoint","urlTemplate":"https:\/\/www.kis-consulting.ch\/?s={search_term_string}"},"query-input":"required name=search_term_string"}],"inLanguage":"de"},{"@type":"ImageObject","@id":"https:\/\/www.kis-consulting.ch\/index.php\/startseite\/#primaryimage","inLanguage":"de","url":"https:\/\/www.kis-consulting.ch\/wp-content\/uploads\/2018\/10\/AdobeStock_48727455.jpeg","contentUrl":"https:\/\/www.kis-consulting.ch\/wp-content\/uploads\/2018\/10\/AdobeStock_48727455.jpeg","width":5242,"height":3744},{"@type":"WebPage","@id":"https:\/\/www.kis-consulting.ch\/index.php\/startseite\/#webpage","url":"https:\/\/www.kis-consulting.ch\/index.php\/startseite\/","name":"Startseite &bull; Software-Beratung und Schulung","isPartOf":{"@id":"https:\/\/www.kis-consulting.ch\/#website"},"primaryImageOfPage":{"@id":"https:\/\/www.kis-consulting.ch\/index.php\/startseite\/#primaryimage"},"datePublished":"2018-10-15T12:05:06+00:00","dateModified":"2018-10-18T13:51:22+00:00","breadcrumb":{"@id":"https:\/\/www.kis-consulting.ch\/index.php\/startseite\/#breadcrumb"},"inLanguage":"de","potentialAction":[{"@type":"ReadAction","target":["https:\/\/www.kis-consulting.ch\/index.php\/startseite\/"]}]},{"@type":"BreadcrumbList","@id":"https:\/\/www.kis-consulting.ch\/index.php\/startseite\/#breadcrumb","itemListElement":[{"@type":"ListItem","position":1,"name":"Home","item":"https:\/\/www.kis-consulting.ch\/"},{"@type":"ListItem","position":2,"name":"Startseite"}]}]}},"_links":{"self":[{"href":"https:\/\/www.kis-consulting.ch\/index.php\/wp-json\/wp\/v2\/pages\/9","targetHints":{"allow":["GET"]}}],"collection":[{"href":"https:\/\/www.kis-consulting.ch\/index.php\/wp-json\/wp\/v2\/pages"}],"about":[{"href":"https:\/\/www.kis-consulting.ch\/index.php\/wp-json\/wp\/v2\/types\/page"}],"author":[{"embeddable":true,"href":"https:\/\/www.kis-consulting.ch\/index.php\/wp-json\/wp\/v2\/users\/1"}],"replies":[{"embeddable":true,"href":"https:\/\/www.kis-consulting.ch\/index.php\/wp-json\/wp\/v2\/comments?post=9"}],"version-history":[{"count":4,"href":"https:\/\/www.kis-consulting.ch\/index.php\/wp-json\/wp\/v2\/pages\/9\/revisions"}],"predecessor-version":[{"id":95,"href":"https:\/\/www.kis-consulting.ch\/index.php\/wp-json\/wp\/v2\/pages\/9\/revisions\/95"}],"wp:featuredmedia":[{"embeddable":true,"href":"https:\/\/www.kis-consulting.ch\/index.php\/wp-json\/wp\/v2\/media\/37"}],"wp:attachment":[{"href":"https:\/\/www.kis-consulting.ch\/index.php\/wp-json\/wp\/v2\/media?parent=9"}],"curies":[{"name":"wp","href":"https:\/\/api.w.org\/{rel}","templated":true}]}}